{"id":188,"date":"2019-05-13T22:38:35","date_gmt":"2019-05-13T20:38:35","guid":{"rendered":"https:\/\/xn--revolutionresfrauenstreikkollektiv-k4c.ch\/?page_id=188"},"modified":"2019-05-13T22:41:21","modified_gmt":"2019-05-13T20:41:21","slug":"wir-streiken-weil","status":"publish","type":"page","link":"https:\/\/xn--revolutionresfrauenstreikkollektiv-k4c.ch\/?page_id=188","title":{"rendered":"Wir streiken weil&#8230; Videos"},"content":{"rendered":"\n<p> Es so wie es ist, nicht weitergehen kann!<br> Wenn unsere Leben nichts wert sind, dann produziert doch ohne uns!<br> F\u00fcr eine Perspektive, die \u00fcber dieses System hinausgeht. <br> Wir haben nichts als unsere Ketten zu verlieren. <br> Darum freuen wir uns auf einen k\u00e4mpferischen 14. Juni!<br> Und ich hoffe, dass es dar\u00fcber hinausgeht. Alle auf die Strasse am 14. Juni! <\/p>\n\n\n\n<p>Hier die Videos f\u00fcr einen revolution\u00e4ren Frauenstreik<\/p>\n\n\n\n<figure class=\"wp-block-embed-youtube wp-block-embed is-type-video is-provider-youtube wp-embed-aspect-16-9 wp-has-aspect-ratio\"><div class=\"wp-block-embed__wrapper\">\n<iframe loading=\"lazy\" width=\"833\" height=\"469\" src=\"https:\/\/www.youtube.com\/embed\/TILlI-LHGj4?feature=oembed\" frameborder=\"0\" allow=\"accelerometer; autoplay; encrypted-media; gyroscope; picture-in-picture\" allowfullscreen><\/iframe>\n<\/div><figcaption>Mobivideo lang<\/figcaption><\/figure>\n\n\n\n<figure class=\"wp-block-embed-youtube wp-block-embed is-type-video is-provider-youtube wp-embed-aspect-16-9 wp-has-aspect-ratio\"><div class=\"wp-block-embed__wrapper\">\n<iframe loading=\"lazy\" width=\"833\" height=\"469\" src=\"https:\/\/www.youtube.com\/embed\/ysr9u5AYAZA?feature=oembed\" frameborder=\"0\" allow=\"accelerometer; autoplay; encrypted-media; gyroscope; picture-in-picture\" allowfullscreen><\/iframe>\n<\/div><figcaption>Mobi kurz<\/figcaption><\/figure>\n\n\n\n<p><\/p>\n","protected":false},"excerpt":{"rendered":"<p>Es so wie es ist, nicht weitergehen kann! Wenn unsere Leben nichts wert sind, dann produziert doch ohne uns! F\u00fcr eine Perspektive, die \u00fcber dieses System hinausgeht. Wir haben nichts als unsere Ketten zu verlieren. Darum freuen wir uns auf einen k\u00e4mpferischen 14. Juni! Und ich hoffe, dass es dar\u00fcber hinausgeht. Alle auf die Strasse &hellip; <a href=\"https:\/\/xn--revolutionresfrauenstreikkollektiv-k4c.ch\/?page_id=188\" class=\"more-link\"><span class=\"screen-reader-text\">Wir streiken weil&#8230; Videos<\/span> weiterlesen<\/a><\/p>\n","protected":false},"author":1,"featured_media":0,"parent":0,"menu_order":0,"comment_status":"closed","ping_status":"closed","template":"","meta":{"footnotes":""},"class_list":["post-188","page","type-page","status-publish","hentry"],"_links":{"self":[{"href":"https:\/\/xn--revolutionresfrauenstreikkollektiv-k4c.ch\/index.php?rest_route=\/wp\/v2\/pages\/188","targetHints":{"allow":["GET"]}}],"collection":[{"href":"https:\/\/xn--revolutionresfrauenstreikkollektiv-k4c.ch\/index.php?rest_route=\/wp\/v2\/pages"}],"about":[{"href":"https:\/\/xn--revolutionresfrauenstreikkollektiv-k4c.ch\/index.php?rest_route=\/wp\/v2\/types\/page"}],"author":[{"embeddable":true,"href":"https:\/\/xn--revolutionresfrauenstreikkollektiv-k4c.ch\/index.php?rest_route=\/wp\/v2\/users\/1"}],"replies":[{"embeddable":true,"href":"https:\/\/xn--revolutionresfrauenstreikkollektiv-k4c.ch\/index.php?rest_route=%2Fwp%2Fv2%2Fcomments&post=188"}],"version-history":[{"count":2,"href":"https:\/\/xn--revolutionresfrauenstreikkollektiv-k4c.ch\/index.php?rest_route=\/wp\/v2\/pages\/188\/revisions"}],"predecessor-version":[{"id":191,"href":"https:\/\/xn--revolutionresfrauenstreikkollektiv-k4c.ch\/index.php?rest_route=\/wp\/v2\/pages\/188\/revisions\/191"}],"wp:attachment":[{"href":"https:\/\/xn--revolutionresfrauenstreikkollektiv-k4c.ch\/index.php?rest_route=%2Fwp%2Fv2%2Fmedia&parent=188"}],"curies":[{"name":"wp","href":"https:\/\/api.w.org\/{rel}","templated":true}]}}