{"id":200,"date":"2019-06-08T11:59:41","date_gmt":"2019-06-08T09:59:41","guid":{"rendered":"https:\/\/xn--revolutionresfrauenstreikkollektiv-k4c.ch\/?page_id=200"},"modified":"2019-06-08T12:01:20","modified_gmt":"2019-06-08T10:01:20","slug":"frauen-kaempfen-gemeinsam-gegen-patriarchat-staat-und-kapital-wir-lassen-uns-nicht-spalten","status":"publish","type":"page","link":"https:\/\/xn--revolutionresfrauenstreikkollektiv-k4c.ch\/?page_id=200","title":{"rendered":"Frauen* k\u00e4mpfen gemeinsam"},"content":{"rendered":"\n<p><strong>Frauen* k\u00e4mpfen gemeinsam \u2013 gegen Patriarchat, Staat und Kapital \u2013 wir lassen uns nicht spalten!<\/strong><\/p>\n\n\n\n<p>Am Frauen*streiktag setzen wir ein Zeichen gegen die\npatriarchale Ordnung unserer Gesellschaft. Weil wir einer breiten Bewegung\nangeh\u00f6ren, organisieren wir unseren Widerstand sowohl bunt als auch militant.\nUns ist wichtig hiermit ein Statement abzugeben, weshalb wir uns nicht spalten\nlassen in b\u00fcrgerliche und revolution\u00e4re Frauen* und weshalb es unbedingt n\u00f6tig\nist, dass wir der Polizei kritisch gegen\u00fcberstehen. <\/p>\n\n\n\n<p>Dass die Polizei die diesj\u00e4hrige 8. M\u00e4rz Frauen*demo verhindern\nwollte, ist kein Zufall im Jahr des feministischen Streiks. Die Frauen*bewegung\nerstarkt nicht nur in L\u00e4ndern wie dem Spanischen Staat oder Italien, sondern\nauch in der Schweiz. Der Streik hat eine grosse Mobilisierungskraft bis in die\nhinterletzten Winkel der Schweiz. Die Streikkollektive greifen auch vermehrt\nantikapitalistische Forderungen auf und erm\u00f6glichen militante\nWiderstandsformen. Dieses Erstarken der Frauen*\/Feministischen Bewegung macht\ndem Herrschaftsapparat Angst. Der grosse Polizeieinsatz am 9. M\u00e4rz in Z\u00fcrich sollte\neine Spaltung der Frauen*bewegung provozieren und, im Hinblick auf den 14. Juni,\nabschreckende Wirkung haben.&nbsp; <\/p>\n\n\n\n<p><strong>Die 8.\nM\u00e4rz-Frauen*demo \u2013 Geschichte einer Strassenpraxis<\/strong><\/p>\n\n\n\n<p>Die Demo zum 8. M\u00e4rz, dem internationalen Frauen*kampftag,\nhat in Z\u00fcrich eine lange Tradition. In den 80er Jahren wurde das Frauen*b\u00fcndnis\ngegr\u00fcndet, das jedes Jahr die Frauen*demo als unbewilligte Demonstration organisiert.\nEs war f\u00fcr uns immer klar, dass wir keine Bewilligung f\u00fcr freie\nMeinungs\u00e4usserung einholen, sondern uns an diesem Tag die Strasse nehmen. So\nhaben wir in den letzten Jahren immer mehr Frauen* mobilisieren k\u00f6nnen. Auch\nnicht organisierte Frauen* schliessen sich vermehrt der Z\u00fcrcher 8.-M\u00e4rz-Frauen*demo\nan. Die Selbstverst\u00e4ndlichkeit, mit der wir uns die Strasse ungefragt aneignen,\nschwappt auf alle Beteiligten \u00fcber und schafft R\u00fcckhalt wie auch Bewusstsein\nf\u00fcr diese radikale Strassenpraxis. Die Polizei war zwar immer schon pr\u00e4sent, fr\u00fcher\nnoch in kurzen Hemden, sp\u00e4ter dann auch in Vollmontur. Doch dass die Polizei\ndie Frauen*demo dieses Jahr nicht laufen lassen wollte und danach abdr\u00e4ngte,\nist ein Novum. <\/p>\n\n\n\n<p><strong>Sie wollten uns\nspalten, aber ihre Provokation vereint uns<\/strong><\/p>\n\n\n\n<p>Der Polizeieinsatz am 9. M\u00e4rz gegen die Frauen*demo hatte\nunter anderem ein klares Ziel: unsere Demoteilnehmerinnen* in gute liberale und\nb\u00f6se radikale Frauen* zu spalten. <\/p>\n\n\n\n<p>Mittels sogenannter \u00abDialogpolizei\u00bb wurden Demoteilnehmerinnen*\ndarauf aufmerksam gemacht, dass die Demo nicht bewilligt war und nicht\ntoleriert werden w\u00fcrde. <\/p>\n\n\n\n<p>Wie heuchlerisch dieser \u00abDialog\u00bb ist, erkannten viele\nschnell. Vorne Dialogpolizei, hinten eine Armada an Robocops, mitsamt\nGreifertrupps und Wasserwerfer \u2013 das war eine Machtdemonstration nach dem\nPrinzip \u00abZuckerbrot und Peitsche\u00bb. <\/p>\n\n\n\n<p>Der angebliche Dialog sollte deeskalierend wirken, aber auch\ndirekt einsch\u00fcchtern. Damit kriminalisierte die Polizei die Demo und wollte\neine Spaltung provozieren. Durch diese Spaltung sollte nicht nur eine\nSchw\u00e4chung der Demo, sondern auch eine Legitimation des Polizeieinsatzes und\neiner allf\u00e4lligen Repression gegen militante Kr\u00e4fte bewirkt werden. <\/p>\n\n\n\n<p>F\u00fcr uns w\u00fctende Frauen* ist aber klar, dass nicht nur\nfriedliche Widerstandsformen legitim sind. <\/p>\n\n\n\n<p>Zus\u00e4tzlich zu den Dialogteams twitterte die Polizei erstmals\nin Z\u00fcrich mit direkter Anrede in die Demo hinein und versuchte die Route und\nWeisungen an die Teilnehmerinnen* durchzugeben. Die Tweets der Polizei beeinflussen\ndirekt oder unbewusst unsere Stimmung an der Demo. Damit versuchen sie wilde\nDynamiken unter den w\u00fctenden Frauen* zu brechen, uns von Aktionen abzuhalten, uns\neinzusch\u00fcchtern und uns in einen Dialog zu zwingen. Wir haben uns aber nicht\nmanipulieren lassen. All diese Taktiken haben und werden uns nicht aufhalten\nk\u00f6nnen. <\/p>\n\n\n\n<p><strong>Die Polizei ist nicht unser Freund<\/strong><\/p>\n\n\n\n<p>Mit einem Staat der Ausschaffungen durchf\u00fchrt, Sozialhilfe\nbei den Schw\u00e4chsten k\u00fcrzt, Racial Profiling macht, das Kapital sch\u00fctzt und\nnicht zuletzt den Frauen*streik aktiv bek\u00e4mpfen wird, diskutieren wir nicht\n\u00fcber die Berechtigung unseres Protests. F\u00fcr die Gleichstellung und Befreiung\nder Frauen* bek\u00e4mpfen wir die patriarchale Ordnung und damit auch die\nstaatlichen Ordnungsh\u00fcter*innen. Frauen*befreiung heisst f\u00fcr uns auch die\nchauvinistischen, m\u00e4nnlich-dominierten Denkweisen und Organisierungsformen\ndieser Gesellschaft anzugreifen und zu \u00fcberwinden. <\/p>\n\n\n\n<p><strong>Auf die Strasse am\nFrauen*streiktag<\/strong><\/p>\n\n\n\n<p>Am 14. Juni und dar\u00fcber hinaus gehen wir alle zusammen auf\ndie Strasse. Wenn der feministische Streik mehr als symbolisch sein und seine\nSpuren hinterlassen soll, muss so richtig gest\u00f6rt werden: Im Haushalt und in\nden Betrieben streiken, den \u00f6ffentlichen Verkehr stoppen, die L\u00e4den blockieren,\ndie Stadt nachhaltig versch\u00f6nern! Diese Widerstandsformen r\u00fctteln an der\nherrschenden Ordnung. Sie bewegen sich nicht in den vorgegebenen Bahnen, wie es\nPolitikerinnen* und Lobbyistinnen* zu tun pflegen. Und genau das macht sie wirkungsm\u00e4chtig,\nweshalb sie dann immer auch die Polizei, als H\u00fcter der gesellschaftlichen\nOrdnung, provozieren. Sie wird wieder versuchen, radikale Elemente aus den Demos\nfernzuhalten und zu kriminalisieren. Wir lassen uns das Recht auf Widerstand\nnicht nehmen und uns von der Repression nicht einsch\u00fcchtern. <\/p>\n\n\n\n<p>Darum Solidarit\u00e4t mit allen widerst\u00e4ndigen und militanten\nFrauen* am feministischen Streiktag! <\/p>\n\n\n\n<p><strong>In aller K\u00fcrze<\/strong><\/p>\n\n\n\n<p>Tweets der Polizei ignorieren, Dialogpolizei sabotieren und unterminieren (sie werden bald aufgeben), die Frauen* der Demo gegen Greifertrupps und Zivis sch\u00fctzen, bei einer Festnahme Aussage verweigern, nichts unterschreiben.<\/p>\n\n\n\n<figure class=\"wp-block-image\"><img loading=\"lazy\" decoding=\"async\" width=\"728\" height=\"1024\" src=\"https:\/\/xn--revolutionresfrauenstreikkollektiv-k4c.ch\/wp-content\/uploads\/2019\/06\/Frauen_ka\u0308mpfengemeinsam-728x1024.jpg\" alt=\"\" class=\"wp-image-202\" srcset=\"https:\/\/xn--revolutionresfrauenstreikkollektiv-k4c.ch\/wp-content\/uploads\/2019\/06\/Frauen_ka\u0308mpfengemeinsam-728x1024.jpg 728w, https:\/\/xn--revolutionresfrauenstreikkollektiv-k4c.ch\/wp-content\/uploads\/2019\/06\/Frauen_ka\u0308mpfengemeinsam-213x300.jpg 213w, https:\/\/xn--revolutionresfrauenstreikkollektiv-k4c.ch\/wp-content\/uploads\/2019\/06\/Frauen_ka\u0308mpfengemeinsam-768x1081.jpg 768w, https:\/\/xn--revolutionresfrauenstreikkollektiv-k4c.ch\/wp-content\/uploads\/2019\/06\/Frauen_ka\u0308mpfengemeinsam-833x1172.jpg 833w, https:\/\/xn--revolutionresfrauenstreikkollektiv-k4c.ch\/wp-content\/uploads\/2019\/06\/Frauen_ka\u0308mpfengemeinsam-136x192.jpg 136w\" sizes=\"auto, (max-width: 728px) 100vw, 728px\" \/><\/figure>\n","protected":false},"excerpt":{"rendered":"<p>Frauen* k\u00e4mpfen gemeinsam \u2013 gegen Patriarchat, Staat und Kapital \u2013 wir lassen uns nicht spalten! Am Frauen*streiktag setzen wir ein Zeichen gegen die patriarchale Ordnung unserer Gesellschaft. Weil wir einer breiten Bewegung angeh\u00f6ren, organisieren wir unseren Widerstand sowohl bunt als auch militant. Uns ist wichtig hiermit ein Statement abzugeben, weshalb wir uns nicht spalten lassen &hellip; <a href=\"https:\/\/xn--revolutionresfrauenstreikkollektiv-k4c.ch\/?page_id=200\" class=\"more-link\"><span class=\"screen-reader-text\">Frauen* k\u00e4mpfen gemeinsam<\/span> weiterlesen<\/a><\/p>\n","protected":false},"author":1,"featured_media":0,"parent":0,"menu_order":0,"comment_status":"closed","ping_status":"closed","template":"","meta":{"footnotes":""},"class_list":["post-200","page","type-page","status-publish","hentry"],"_links":{"self":[{"href":"https:\/\/xn--revolutionresfrauenstreikkollektiv-k4c.ch\/index.php?rest_route=\/wp\/v2\/pages\/200","targetHints":{"allow":["GET"]}}],"collection":[{"href":"https:\/\/xn--revolutionresfrauenstreikkollektiv-k4c.ch\/index.php?rest_route=\/wp\/v2\/pages"}],"about":[{"href":"https:\/\/xn--revolutionresfrauenstreikkollektiv-k4c.ch\/index.php?rest_route=\/wp\/v2\/types\/page"}],"author":[{"embeddable":true,"href":"https:\/\/xn--revolutionresfrauenstreikkollektiv-k4c.ch\/index.php?rest_route=\/wp\/v2\/users\/1"}],"replies":[{"embeddable":true,"href":"https:\/\/xn--revolutionresfrauenstreikkollektiv-k4c.ch\/index.php?rest_route=%2Fwp%2Fv2%2Fcomments&post=200"}],"version-history":[{"count":2,"href":"https:\/\/xn--revolutionresfrauenstreikkollektiv-k4c.ch\/index.php?rest_route=\/wp\/v2\/pages\/200\/revisions"}],"predecessor-version":[{"id":205,"href":"https:\/\/xn--revolutionresfrauenstreikkollektiv-k4c.ch\/index.php?rest_route=\/wp\/v2\/pages\/200\/revisions\/205"}],"wp:attachment":[{"href":"https:\/\/xn--revolutionresfrauenstreikkollektiv-k4c.ch\/index.php?rest_route=%2Fwp%2Fv2%2Fmedia&parent=200"}],"curies":[{"name":"wp","href":"https:\/\/api.w.org\/{rel}","templated":true}]}}