{"id":206,"date":"2019-06-13T12:12:06","date_gmt":"2019-06-13T10:12:06","guid":{"rendered":"https:\/\/xn--revolutionresfrauenstreikkollektiv-k4c.ch\/?page_id=206"},"modified":"2019-06-17T08:26:04","modified_gmt":"2019-06-17T06:26:04","slug":"aktionen-am-frauenstreiktag-ticker","status":"publish","type":"page","link":"https:\/\/xn--revolutionresfrauenstreikkollektiv-k4c.ch\/","title":{"rendered":"Aktionen am Frauen*Streiktag (Ticker)"},"content":{"rendered":"\n<p><strong><a href=\"https:\/\/xn--revolutionresfrauenstreikkollektiv-k4c.ch\/\">Aufruf revolution\u00e4res Frauen*streikkollektiv<\/a> \/\/ <a href=\"https:\/\/xn--revolutionresfrauenstreikkollektiv-k4c.ch\/?page_id=200\">Frauen* k\u00e4mpfen gemeinsam<\/a> \/\/ <a href=\"https:\/\/xn--revolutionresfrauenstreikkollektiv-k4c.ch\/?page_id=188\">Wir streiken weil&#8230; Videos<\/a><\/strong> <strong>\/\/ <\/strong><a href=\"https:\/\/revolution\u00e4resfrauenstreikkollektiv.ch\/?page_id=268\"><strong>Communiqu\u00e9 revolution\u00e4res Frauenstreikkollekitv<\/strong><\/a><\/p>\n\n\n\n<div class=\"wp-block-image\"><figure class=\"alignleft is-resized\"><img loading=\"lazy\" decoding=\"async\" src=\"https:\/\/xn--revolutionresfrauenstreikkollektiv-k4c.ch\/wp-content\/uploads\/2019\/06\/62446033_2474621045921855_1637238324894629888_o.jpg\" alt=\"\" class=\"wp-image-207\" width=\"300\" height=\"424\" srcset=\"https:\/\/xn--revolutionresfrauenstreikkollektiv-k4c.ch\/wp-content\/uploads\/2019\/06\/62446033_2474621045921855_1637238324894629888_o.jpg 709w, https:\/\/xn--revolutionresfrauenstreikkollektiv-k4c.ch\/wp-content\/uploads\/2019\/06\/62446033_2474621045921855_1637238324894629888_o-212x300.jpg 212w, https:\/\/xn--revolutionresfrauenstreikkollektiv-k4c.ch\/wp-content\/uploads\/2019\/06\/62446033_2474621045921855_1637238324894629888_o-136x192.jpg 136w\" sizes=\"auto, (max-width: 300px) 100vw, 300px\" \/><\/figure><\/div>\n\n\n\n<p>(Vorl\u00e4ufiges) <strong>Programm<\/strong>:<\/p>\n\n\n\n<p>12:00: Polyterasse: Rundgang &amp; Zmittag<br>14:30: BGZ: Kundgebung<br>15:00: Kanzlei (Spielbaracke): Aktionen zu Verk\u00e4uferinnen und Rojava<br>15:45: Kanzlei: Gemeinsam zur Demo!<br>17:00: Central: Demo<\/p>\n\n\n\n<p><\/p>\n\n\n\n<p><\/p>\n\n\n\n<p>Ticker:<\/p>\n\n\n\n<p>09:00: In der Stadt finden sich viele Zeichen f\u00fcr den heutigen Frauen*streik<\/p>\n\n\n\n<figure class=\"wp-block-image\"><img loading=\"lazy\" decoding=\"async\" width=\"1024\" height=\"607\" src=\"https:\/\/xn--revolutionresfrauenstreikkollektiv-k4c.ch\/wp-content\/uploads\/2019\/06\/Woman_unite-1024x607.jpg\" alt=\"\" class=\"wp-image-275\" srcset=\"https:\/\/xn--revolutionresfrauenstreikkollektiv-k4c.ch\/wp-content\/uploads\/2019\/06\/Woman_unite-1024x607.jpg 1024w, https:\/\/xn--revolutionresfrauenstreikkollektiv-k4c.ch\/wp-content\/uploads\/2019\/06\/Woman_unite-300x178.jpg 300w, https:\/\/xn--revolutionresfrauenstreikkollektiv-k4c.ch\/wp-content\/uploads\/2019\/06\/Woman_unite-768x455.jpg 768w, https:\/\/xn--revolutionresfrauenstreikkollektiv-k4c.ch\/wp-content\/uploads\/2019\/06\/Woman_unite-833x494.jpg 833w, https:\/\/xn--revolutionresfrauenstreikkollektiv-k4c.ch\/wp-content\/uploads\/2019\/06\/Woman_unite-192x114.jpg 192w, https:\/\/xn--revolutionresfrauenstreikkollektiv-k4c.ch\/wp-content\/uploads\/2019\/06\/Woman_unite.jpg 1513w\" sizes=\"auto, (max-width: 1024px) 100vw, 1024px\" \/><\/figure>\n\n\n\n<p>09:14: Wenn Frau* will, steht alles still. In Basel hat der Frauen*Streik k\u00e4mpferisch mit Blockaden begonnen. Infos auf Twitter: <a href=\"https:\/\/twitter.com\/FrauenstreikBS\">https:\/\/twitter.com\/FrauenstreikBS<\/a><\/p>\n\n\n\n<figure class=\"wp-block-image is-resized\"><img loading=\"lazy\" decoding=\"async\" src=\"https:\/\/xn--revolutionresfrauenstreikkollektiv-k4c.ch\/wp-content\/uploads\/2019\/06\/signal-2019-06-14-101817-768x1024.jpeg\" alt=\"\" class=\"wp-image-223\" width=\"181\" height=\"241\" srcset=\"https:\/\/xn--revolutionresfrauenstreikkollektiv-k4c.ch\/wp-content\/uploads\/2019\/06\/signal-2019-06-14-101817-768x1024.jpeg 768w, https:\/\/xn--revolutionresfrauenstreikkollektiv-k4c.ch\/wp-content\/uploads\/2019\/06\/signal-2019-06-14-101817-225x300.jpeg 225w, https:\/\/xn--revolutionresfrauenstreikkollektiv-k4c.ch\/wp-content\/uploads\/2019\/06\/signal-2019-06-14-101817-833x1111.jpeg 833w, https:\/\/xn--revolutionresfrauenstreikkollektiv-k4c.ch\/wp-content\/uploads\/2019\/06\/signal-2019-06-14-101817-144x192.jpeg 144w, https:\/\/xn--revolutionresfrauenstreikkollektiv-k4c.ch\/wp-content\/uploads\/2019\/06\/signal-2019-06-14-101817.jpeg 1152w\" sizes=\"auto, (max-width: 181px) 100vw, 181px\" \/><\/figure>\n\n\n\n<p>10:22: Die Stadt ist bereit f\u00fcr die Aktionen und Demos. Um 12:00 alle auf die Polyterrasse.<\/p>\n\n\n\n<p>11:30: An verschiedenen Spit\u00e4lern wurden Transpis geh\u00e4ngt. <a href=\"https:\/\/revolution\u00e4resfrauenstreikkollektiv.ch\/wp-content\/uploads\/2019\/06\/Spital_Bericht.pdf\">Communiqu\u00e9<\/a><\/p>\n\n\n\n<figure class=\"wp-block-image is-resized\"><img loading=\"lazy\" decoding=\"async\" src=\"https:\/\/xn--revolutionresfrauenstreikkollektiv-k4c.ch\/wp-content\/uploads\/2019\/06\/Triemli-768x1024.jpeg\" alt=\"\" class=\"wp-image-230\" width=\"179\" height=\"238\" srcset=\"https:\/\/xn--revolutionresfrauenstreikkollektiv-k4c.ch\/wp-content\/uploads\/2019\/06\/Triemli-768x1024.jpeg 768w, https:\/\/xn--revolutionresfrauenstreikkollektiv-k4c.ch\/wp-content\/uploads\/2019\/06\/Triemli-225x300.jpeg 225w, https:\/\/xn--revolutionresfrauenstreikkollektiv-k4c.ch\/wp-content\/uploads\/2019\/06\/Triemli-833x1111.jpeg 833w, https:\/\/xn--revolutionresfrauenstreikkollektiv-k4c.ch\/wp-content\/uploads\/2019\/06\/Triemli-144x192.jpeg 144w, https:\/\/xn--revolutionresfrauenstreikkollektiv-k4c.ch\/wp-content\/uploads\/2019\/06\/Triemli.jpeg 1440w\" sizes=\"auto, (max-width: 179px) 100vw, 179px\" \/><\/figure>\n\n\n\n<figure class=\"wp-block-image is-resized\"><img loading=\"lazy\" decoding=\"async\" src=\"https:\/\/xn--revolutionresfrauenstreikkollektiv-k4c.ch\/wp-content\/uploads\/2019\/06\/Spital_Winti-1024x768.jpeg\" alt=\"\" class=\"wp-image-233\" width=\"199\" height=\"149\" srcset=\"https:\/\/xn--revolutionresfrauenstreikkollektiv-k4c.ch\/wp-content\/uploads\/2019\/06\/Spital_Winti-1024x768.jpeg 1024w, https:\/\/xn--revolutionresfrauenstreikkollektiv-k4c.ch\/wp-content\/uploads\/2019\/06\/Spital_Winti-300x225.jpeg 300w, https:\/\/xn--revolutionresfrauenstreikkollektiv-k4c.ch\/wp-content\/uploads\/2019\/06\/Spital_Winti-768x576.jpeg 768w, https:\/\/xn--revolutionresfrauenstreikkollektiv-k4c.ch\/wp-content\/uploads\/2019\/06\/Spital_Winti-833x625.jpeg 833w, https:\/\/xn--revolutionresfrauenstreikkollektiv-k4c.ch\/wp-content\/uploads\/2019\/06\/Spital_Winti-192x144.jpeg 192w\" sizes=\"auto, (max-width: 199px) 100vw, 199px\" \/><\/figure>\n\n\n\n<figure class=\"wp-block-image is-resized\"><img loading=\"lazy\" decoding=\"async\" src=\"https:\/\/xn--revolutionresfrauenstreikkollektiv-k4c.ch\/wp-content\/uploads\/2019\/06\/Spital_IUnispital-768x1024.jpg\" alt=\"\" class=\"wp-image-231\" width=\"189\" height=\"252\" srcset=\"https:\/\/xn--revolutionresfrauenstreikkollektiv-k4c.ch\/wp-content\/uploads\/2019\/06\/Spital_IUnispital-768x1024.jpg 768w, https:\/\/xn--revolutionresfrauenstreikkollektiv-k4c.ch\/wp-content\/uploads\/2019\/06\/Spital_IUnispital-225x300.jpg 225w, https:\/\/xn--revolutionresfrauenstreikkollektiv-k4c.ch\/wp-content\/uploads\/2019\/06\/Spital_IUnispital-833x1111.jpg 833w, https:\/\/xn--revolutionresfrauenstreikkollektiv-k4c.ch\/wp-content\/uploads\/2019\/06\/Spital_IUnispital-144x192.jpg 144w, https:\/\/xn--revolutionresfrauenstreikkollektiv-k4c.ch\/wp-content\/uploads\/2019\/06\/Spital_IUnispital.jpg 1152w\" sizes=\"auto, (max-width: 189px) 100vw, 189px\" \/><\/figure>\n\n\n\n<p>12:08: Ein Streikbus besuchte den ganzen Morgen Frauen*, die nicht streiken konnten, zum Beispiel, weil sie im Knast sitzen.<\/p>\n\n\n\n<figure class=\"wp-block-image is-resized\"><img loading=\"lazy\" decoding=\"async\" src=\"https:\/\/xn--revolutionresfrauenstreikkollektiv-k4c.ch\/wp-content\/uploads\/2019\/06\/image_2019-06-14_12_03_32-1024x768.jpg\" alt=\"\" class=\"wp-image-235\" width=\"197\" height=\"148\" srcset=\"https:\/\/xn--revolutionresfrauenstreikkollektiv-k4c.ch\/wp-content\/uploads\/2019\/06\/image_2019-06-14_12_03_32-1024x768.jpg 1024w, https:\/\/xn--revolutionresfrauenstreikkollektiv-k4c.ch\/wp-content\/uploads\/2019\/06\/image_2019-06-14_12_03_32-300x225.jpg 300w, https:\/\/xn--revolutionresfrauenstreikkollektiv-k4c.ch\/wp-content\/uploads\/2019\/06\/image_2019-06-14_12_03_32-768x576.jpg 768w, https:\/\/xn--revolutionresfrauenstreikkollektiv-k4c.ch\/wp-content\/uploads\/2019\/06\/image_2019-06-14_12_03_32-833x625.jpg 833w, https:\/\/xn--revolutionresfrauenstreikkollektiv-k4c.ch\/wp-content\/uploads\/2019\/06\/image_2019-06-14_12_03_32-192x144.jpg 192w, https:\/\/xn--revolutionresfrauenstreikkollektiv-k4c.ch\/wp-content\/uploads\/2019\/06\/image_2019-06-14_12_03_32.jpg 1280w\" sizes=\"auto, (max-width: 197px) 100vw, 197px\" \/><\/figure>\n\n\n\n<p>12:30: <\/p>\n\n\n\n<p>Frauenblockade am Central<\/p>\n\n\n\n<p>Widerstand von unten bauen heisst auch sich den Raum zu\nnehmen wann und wie wir wollen! Deshalb besetzen wir jetzt mit vielen Frauen*\ngemeinsam das Central. Wir schicken k\u00e4mpferische und solidarische Gr\u00fcsse an\nalle Frauen* die heute ihre bezahlte und unbezahlte Arbeit bestreiken. Unser\nStreik gilt dem Patriarchat! Wir k\u00e4mpfen gemeinsam mit Frauen* weltweit f\u00fcr\neine feministische und solidarische Perspektive! Komm jetzt zum Central und\nsp\u00e4ter an die Demo!<\/p>\n\n\n\n<p>#widerstandvonuntenbauen\n#revolution\u00e4resfrauenstreikkollektiv #frauenstreik2019 @frauenstreik.zuerich<\/p>\n\n\n\n<p>revolution\u00e4resfrauenstreikkollektiv.ch<\/p>\n\n\n\n<figure class=\"wp-block-image is-resized\"><img loading=\"lazy\" decoding=\"async\" src=\"https:\/\/xn--revolutionresfrauenstreikkollektiv-k4c.ch\/wp-content\/uploads\/2019\/06\/Barrikade_Central_2-1024x533.jpg\" alt=\"\" class=\"wp-image-238\" width=\"271\" height=\"140\" srcset=\"https:\/\/xn--revolutionresfrauenstreikkollektiv-k4c.ch\/wp-content\/uploads\/2019\/06\/Barrikade_Central_2-1024x533.jpg 1024w, https:\/\/xn--revolutionresfrauenstreikkollektiv-k4c.ch\/wp-content\/uploads\/2019\/06\/Barrikade_Central_2-300x156.jpg 300w, https:\/\/xn--revolutionresfrauenstreikkollektiv-k4c.ch\/wp-content\/uploads\/2019\/06\/Barrikade_Central_2-768x400.jpg 768w, https:\/\/xn--revolutionresfrauenstreikkollektiv-k4c.ch\/wp-content\/uploads\/2019\/06\/Barrikade_Central_2-833x433.jpg 833w, https:\/\/xn--revolutionresfrauenstreikkollektiv-k4c.ch\/wp-content\/uploads\/2019\/06\/Barrikade_Central_2-192x100.jpg 192w\" sizes=\"auto, (max-width: 271px) 100vw, 271px\" \/><\/figure>\n\n\n\n<figure class=\"wp-block-image is-resized\"><img loading=\"lazy\" decoding=\"async\" src=\"https:\/\/xn--revolutionresfrauenstreikkollektiv-k4c.ch\/wp-content\/uploads\/2019\/06\/Barrikade_Central4-1024x533.jpg\" alt=\"\" class=\"wp-image-240\" width=\"380\" height=\"197\" srcset=\"https:\/\/xn--revolutionresfrauenstreikkollektiv-k4c.ch\/wp-content\/uploads\/2019\/06\/Barrikade_Central4-1024x533.jpg 1024w, https:\/\/xn--revolutionresfrauenstreikkollektiv-k4c.ch\/wp-content\/uploads\/2019\/06\/Barrikade_Central4-300x156.jpg 300w, https:\/\/xn--revolutionresfrauenstreikkollektiv-k4c.ch\/wp-content\/uploads\/2019\/06\/Barrikade_Central4-768x400.jpg 768w, https:\/\/xn--revolutionresfrauenstreikkollektiv-k4c.ch\/wp-content\/uploads\/2019\/06\/Barrikade_Central4-833x433.jpg 833w, https:\/\/xn--revolutionresfrauenstreikkollektiv-k4c.ch\/wp-content\/uploads\/2019\/06\/Barrikade_Central4-192x100.jpg 192w\" sizes=\"auto, (max-width: 380px) 100vw, 380px\" \/><\/figure>\n\n\n\n<figure class=\"wp-block-image is-resized\"><img loading=\"lazy\" decoding=\"async\" src=\"https:\/\/xn--revolutionresfrauenstreikkollektiv-k4c.ch\/wp-content\/uploads\/2019\/06\/Barrikade_Central_3-1024x533.jpg\" alt=\"\" class=\"wp-image-239\" width=\"375\" height=\"194\" srcset=\"https:\/\/xn--revolutionresfrauenstreikkollektiv-k4c.ch\/wp-content\/uploads\/2019\/06\/Barrikade_Central_3-1024x533.jpg 1024w, https:\/\/xn--revolutionresfrauenstreikkollektiv-k4c.ch\/wp-content\/uploads\/2019\/06\/Barrikade_Central_3-300x156.jpg 300w, https:\/\/xn--revolutionresfrauenstreikkollektiv-k4c.ch\/wp-content\/uploads\/2019\/06\/Barrikade_Central_3-768x400.jpg 768w, https:\/\/xn--revolutionresfrauenstreikkollektiv-k4c.ch\/wp-content\/uploads\/2019\/06\/Barrikade_Central_3-833x433.jpg 833w, https:\/\/xn--revolutionresfrauenstreikkollektiv-k4c.ch\/wp-content\/uploads\/2019\/06\/Barrikade_Central_3-192x100.jpg 192w\" sizes=\"auto, (max-width: 375px) 100vw, 375px\" \/><\/figure>\n\n\n\n<figure class=\"wp-block-image is-resized\"><img loading=\"lazy\" decoding=\"async\" src=\"https:\/\/xn--revolutionresfrauenstreikkollektiv-k4c.ch\/wp-content\/uploads\/2019\/06\/033_Transpi_wenn_frau_will_steht_alles_still-1024x315.jpg\" alt=\"\" class=\"wp-image-248\" width=\"378\" height=\"116\" srcset=\"https:\/\/xn--revolutionresfrauenstreikkollektiv-k4c.ch\/wp-content\/uploads\/2019\/06\/033_Transpi_wenn_frau_will_steht_alles_still-1024x315.jpg 1024w, https:\/\/xn--revolutionresfrauenstreikkollektiv-k4c.ch\/wp-content\/uploads\/2019\/06\/033_Transpi_wenn_frau_will_steht_alles_still-300x92.jpg 300w, https:\/\/xn--revolutionresfrauenstreikkollektiv-k4c.ch\/wp-content\/uploads\/2019\/06\/033_Transpi_wenn_frau_will_steht_alles_still-768x236.jpg 768w, https:\/\/xn--revolutionresfrauenstreikkollektiv-k4c.ch\/wp-content\/uploads\/2019\/06\/033_Transpi_wenn_frau_will_steht_alles_still-833x256.jpg 833w, https:\/\/xn--revolutionresfrauenstreikkollektiv-k4c.ch\/wp-content\/uploads\/2019\/06\/033_Transpi_wenn_frau_will_steht_alles_still-192x59.jpg 192w, https:\/\/xn--revolutionresfrauenstreikkollektiv-k4c.ch\/wp-content\/uploads\/2019\/06\/033_Transpi_wenn_frau_will_steht_alles_still.jpg 1280w\" sizes=\"auto, (max-width: 378px) 100vw, 378px\" \/><\/figure>\n\n\n\n<p>13:00: Big Zis spielt am Central, die Blockade steht. Kommt vorbei!<\/p>\n\n\n\n<p>13:40: Blockade l\u00e4uft<\/p>\n\n\n\n<p>14:00: Wir haben uns den Raum genommen und f\u00fcllten ihn.  Die Stimmung ist super. Beteiligt euch an den folgenden Aktionen.  N\u00e4chster Treffpunkt: 14:30 BGZ, danach 15:00 Spielbaracke Kanzlei. <\/p>\n\n\n\n<p>14:10: Demo vom Central durch die Stadt<\/p>\n\n\n\n<figure class=\"wp-block-image is-resized\"><img loading=\"lazy\" decoding=\"async\" src=\"https:\/\/xn--revolutionresfrauenstreikkollektiv-k4c.ch\/wp-content\/uploads\/2019\/06\/Demo_Zental1-1024x576.jpg\" alt=\"\" class=\"wp-image-246\" width=\"459\" height=\"258\" srcset=\"https:\/\/xn--revolutionresfrauenstreikkollektiv-k4c.ch\/wp-content\/uploads\/2019\/06\/Demo_Zental1-1024x576.jpg 1024w, https:\/\/xn--revolutionresfrauenstreikkollektiv-k4c.ch\/wp-content\/uploads\/2019\/06\/Demo_Zental1-300x169.jpg 300w, https:\/\/xn--revolutionresfrauenstreikkollektiv-k4c.ch\/wp-content\/uploads\/2019\/06\/Demo_Zental1-768x432.jpg 768w, https:\/\/xn--revolutionresfrauenstreikkollektiv-k4c.ch\/wp-content\/uploads\/2019\/06\/Demo_Zental1-833x469.jpg 833w, https:\/\/xn--revolutionresfrauenstreikkollektiv-k4c.ch\/wp-content\/uploads\/2019\/06\/Demo_Zental1-192x108.jpg 192w\" sizes=\"auto, (max-width: 459px) 100vw, 459px\" \/><\/figure>\n\n\n\n<figure class=\"wp-block-image\"><img loading=\"lazy\" decoding=\"async\" width=\"1024\" height=\"768\" src=\"https:\/\/xn--revolutionresfrauenstreikkollektiv-k4c.ch\/wp-content\/uploads\/2019\/06\/Demo_Pixel_21-1024x768.jpg\" alt=\"\" class=\"wp-image-252\" srcset=\"https:\/\/xn--revolutionresfrauenstreikkollektiv-k4c.ch\/wp-content\/uploads\/2019\/06\/Demo_Pixel_21-1024x768.jpg 1024w, https:\/\/xn--revolutionresfrauenstreikkollektiv-k4c.ch\/wp-content\/uploads\/2019\/06\/Demo_Pixel_21-300x225.jpg 300w, https:\/\/xn--revolutionresfrauenstreikkollektiv-k4c.ch\/wp-content\/uploads\/2019\/06\/Demo_Pixel_21-768x576.jpg 768w, https:\/\/xn--revolutionresfrauenstreikkollektiv-k4c.ch\/wp-content\/uploads\/2019\/06\/Demo_Pixel_21-833x625.jpg 833w, https:\/\/xn--revolutionresfrauenstreikkollektiv-k4c.ch\/wp-content\/uploads\/2019\/06\/Demo_Pixel_21-192x144.jpg 192w\" sizes=\"auto, (max-width: 1024px) 100vw, 1024px\" \/><\/figure>\n\n\n\n<p>14:37: Programm steht aber mit Verz\u00f6gerungen: Erst in 15min beim BGZ zur Aktion Nekane &#8211; eine von uns! Keine Auslieferung an Folterstaaten<\/p>\n\n\n\n<p>15:00: Aktionen haben begonnen: Jetzt BGZ<\/p>\n\n\n\n<p>15:50 Solidarit\u00e4t mit Rojava: Frauenstreik und internationale Solidarit\u00e4t<br> Heute streiken wir in  der Schweiz, zugleich ist der Frauenkampf international. Darum  solidarisieren wir uns mit den Frauen in Rojava und ganz Kurdistan, wo  seit sieben Jahren eine Frauenrevolution stattfindet, die historisch  einmalig ist. Dort sind die Frauen die Tr\u00e4gerinnen der Revolution und  gleichzeitig f\u00fchrende Kraft im Kampf gegen den Faschismus \u2013 ob nun  gegen den IS oder die t\u00fcrki- sche Armee in Nordostsyrien, im Shengal in  Irak oder in den kurdischen Ber- gen in der T\u00fcrkei. Die Frauen stehen  in der ersten Linie und an der vordersten Front, um ihre  Errungenschaften zu verteidigen. <a href=\"https:\/\/www.aufbau.org\/images\/flugi146.pdf\">Flugblatt<\/a> dazu.<\/p>\n\n\n\n<figure class=\"wp-block-image is-resized\"><img loading=\"lazy\" decoding=\"async\" src=\"https:\/\/xn--revolutionresfrauenstreikkollektiv-k4c.ch\/wp-content\/uploads\/2019\/06\/Rojava\u00a81-1024x576.jpg\" alt=\"\" class=\"wp-image-254\" width=\"466\" height=\"262\" srcset=\"https:\/\/xn--revolutionresfrauenstreikkollektiv-k4c.ch\/wp-content\/uploads\/2019\/06\/Rojava\u00a81-1024x576.jpg 1024w, https:\/\/xn--revolutionresfrauenstreikkollektiv-k4c.ch\/wp-content\/uploads\/2019\/06\/Rojava\u00a81-300x169.jpg 300w, https:\/\/xn--revolutionresfrauenstreikkollektiv-k4c.ch\/wp-content\/uploads\/2019\/06\/Rojava\u00a81-768x432.jpg 768w, https:\/\/xn--revolutionresfrauenstreikkollektiv-k4c.ch\/wp-content\/uploads\/2019\/06\/Rojava\u00a81-833x469.jpg 833w, https:\/\/xn--revolutionresfrauenstreikkollektiv-k4c.ch\/wp-content\/uploads\/2019\/06\/Rojava\u00a81-192x108.jpg 192w\" sizes=\"auto, (max-width: 466px) 100vw, 466px\" \/><\/figure>\n\n\n\n<figure class=\"wp-block-image is-resized\"><img loading=\"lazy\" decoding=\"async\" src=\"https:\/\/xn--revolutionresfrauenstreikkollektiv-k4c.ch\/wp-content\/uploads\/2019\/06\/Rauch2-1024x768.jpeg\" alt=\"\" class=\"wp-image-255\" width=\"469\" height=\"352\" srcset=\"https:\/\/xn--revolutionresfrauenstreikkollektiv-k4c.ch\/wp-content\/uploads\/2019\/06\/Rauch2-1024x768.jpeg 1024w, https:\/\/xn--revolutionresfrauenstreikkollektiv-k4c.ch\/wp-content\/uploads\/2019\/06\/Rauch2-300x225.jpeg 300w, https:\/\/xn--revolutionresfrauenstreikkollektiv-k4c.ch\/wp-content\/uploads\/2019\/06\/Rauch2-768x576.jpeg 768w, https:\/\/xn--revolutionresfrauenstreikkollektiv-k4c.ch\/wp-content\/uploads\/2019\/06\/Rauch2-833x625.jpeg 833w, https:\/\/xn--revolutionresfrauenstreikkollektiv-k4c.ch\/wp-content\/uploads\/2019\/06\/Rauch2-192x144.jpeg 192w, https:\/\/xn--revolutionresfrauenstreikkollektiv-k4c.ch\/wp-content\/uploads\/2019\/06\/Rauch2.jpeg 1536w\" sizes=\"auto, (max-width: 469px) 100vw, 469px\" \/><\/figure>\n\n\n\n<p>16:00: Demo zur Demo macht sich bereit. Haltestelle Helvetiaplatz<\/p>\n\n\n\n<p>16:30: Alle an die Demo: GastraBlock an der Front<\/p>\n\n\n\n<figure class=\"wp-block-image is-resized\"><img loading=\"lazy\" decoding=\"async\" src=\"https:\/\/xn--revolutionresfrauenstreikkollektiv-k4c.ch\/wp-content\/uploads\/2019\/06\/Gastro.jpeg\" alt=\"\" class=\"wp-image-259\" width=\"463\" height=\"626\" srcset=\"https:\/\/xn--revolutionresfrauenstreikkollektiv-k4c.ch\/wp-content\/uploads\/2019\/06\/Gastro.jpeg 750w, https:\/\/xn--revolutionresfrauenstreikkollektiv-k4c.ch\/wp-content\/uploads\/2019\/06\/Gastro-221x300.jpeg 221w, https:\/\/xn--revolutionresfrauenstreikkollektiv-k4c.ch\/wp-content\/uploads\/2019\/06\/Gastro-142x192.jpeg 142w\" sizes=\"auto, (max-width: 463px) 100vw, 463px\" \/><\/figure>\n\n\n\n<p>16:45: Aktion im HB: Fliegendes Transpi vor den B\u00fcros von Candrian Catering: <\/p>\n\n\n\n<p>Candrian  Catering hat 50 Restaurants, viele davon im HB, hier hat das  Unternehmen Monopolstellung. L\u00f6hne, Arbeitszeiten und Stress sind in  der Gastronomie meist kaum zumutbar. Bei Candrian Catering gen\u00fcgt das  den Ausbeutern aber nicht. Es hat sich da- rauf spezialisiert, schlecht  qualifizierte Arbeitskr\u00e4fte einzustellen, die so sehr auf Arbeit  angewiesen sind, dass sie erpressbar sind. Sehr  viele Angestellte sind im Stundenlohn bezahlt, arbeiten superflexibel  auf Abruf und m\u00fcssen kommen, wenn sie gerufen werden und wieder  fr\u00fchzeitig nach Hause, wenn der Laden nicht mehr l\u00e4uft. Hinzu kommen  Misstrauen gegen\u00fcber dem Personal, Kontrollen und Drohungen. Organisiert k\u00e4mpfen, damit es nicht so bleibt, wie es ist! <\/p>\n\n\n\n<p>Gemeinsamer Widerstand ver\u00e4ndert die Arbeit, ver\u00e4ndert das Leben, macht uns stark!<\/p>\n\n\n\n<figure class=\"wp-block-image is-resized\"><img loading=\"lazy\" decoding=\"async\" src=\"https:\/\/xn--revolutionresfrauenstreikkollektiv-k4c.ch\/wp-content\/uploads\/2019\/06\/Candrian321-1024x768.jpeg\" alt=\"\" class=\"wp-image-261\" width=\"417\" height=\"313\" srcset=\"https:\/\/xn--revolutionresfrauenstreikkollektiv-k4c.ch\/wp-content\/uploads\/2019\/06\/Candrian321-1024x768.jpeg 1024w, https:\/\/xn--revolutionresfrauenstreikkollektiv-k4c.ch\/wp-content\/uploads\/2019\/06\/Candrian321-300x225.jpeg 300w, https:\/\/xn--revolutionresfrauenstreikkollektiv-k4c.ch\/wp-content\/uploads\/2019\/06\/Candrian321-768x576.jpeg 768w, https:\/\/xn--revolutionresfrauenstreikkollektiv-k4c.ch\/wp-content\/uploads\/2019\/06\/Candrian321-833x625.jpeg 833w, https:\/\/xn--revolutionresfrauenstreikkollektiv-k4c.ch\/wp-content\/uploads\/2019\/06\/Candrian321-192x144.jpeg 192w\" sizes=\"auto, (max-width: 417px) 100vw, 417px\" \/><\/figure>\n\n\n\n<p>17:40: Riesige k\u00e4mpfreische Demo durch Z\u00fcrich<\/p>\n\n\n\n<figure class=\"wp-block-image\"><img loading=\"lazy\" decoding=\"async\" width=\"1024\" height=\"768\" src=\"https:\/\/xn--revolutionresfrauenstreikkollektiv-k4c.ch\/wp-content\/uploads\/2019\/06\/Demo_Gross-1024x768.jpg\" alt=\"\" class=\"wp-image-263\" srcset=\"https:\/\/xn--revolutionresfrauenstreikkollektiv-k4c.ch\/wp-content\/uploads\/2019\/06\/Demo_Gross-1024x768.jpg 1024w, https:\/\/xn--revolutionresfrauenstreikkollektiv-k4c.ch\/wp-content\/uploads\/2019\/06\/Demo_Gross-300x225.jpg 300w, https:\/\/xn--revolutionresfrauenstreikkollektiv-k4c.ch\/wp-content\/uploads\/2019\/06\/Demo_Gross-768x576.jpg 768w, https:\/\/xn--revolutionresfrauenstreikkollektiv-k4c.ch\/wp-content\/uploads\/2019\/06\/Demo_Gross-833x625.jpg 833w, https:\/\/xn--revolutionresfrauenstreikkollektiv-k4c.ch\/wp-content\/uploads\/2019\/06\/Demo_Gross-192x144.jpg 192w\" sizes=\"auto, (max-width: 1024px) 100vw, 1024px\" \/><\/figure>\n\n\n\n<p>18:00:  Theater auf dem Paradeplatz:<\/p>\n\n\n\n<p>Als Angestellte im Gesundheitswesen nehmen wir heute auch am Frauenstreik teil. Es gibt viele Gr\u00fcnde, um w\u00fctend zu sein \u2013 gerade als Frau. Der st\u00e4ndige Spardruck durch den irrsinnigen Wettbewerb unter den Spit\u00e4lern hat zahlreiche negative Auswirkungen auf unsere Arbeitsbedingungen, und wie \u00fcberall sind wir Frauen oft doppelt betroffen. Frauen m\u00fcssen l\u00e4nger auf eine Bef\u00f6rderung oder Lohnerh\u00f6hung warten und werden in der Regel eher z\u00f6gerlich mit Weiterbildungen gef\u00f6rdert. Nat\u00fcrlich wird dies in der Regel auf eben jene Teilzeitarbeit geschoben, oder auf die Mutterschaft \u2013 Ausreden gibt es viele, doch faul sind sie alle.<\/p>\n\n\n\n<figure class=\"wp-block-image is-resized\"><img loading=\"lazy\" decoding=\"async\" src=\"https:\/\/xn--revolutionresfrauenstreikkollektiv-k4c.ch\/wp-content\/uploads\/2019\/06\/Theater-1024x768.jpg\" alt=\"\" class=\"wp-image-265\" width=\"545\" height=\"409\" srcset=\"https:\/\/xn--revolutionresfrauenstreikkollektiv-k4c.ch\/wp-content\/uploads\/2019\/06\/Theater-1024x768.jpg 1024w, https:\/\/xn--revolutionresfrauenstreikkollektiv-k4c.ch\/wp-content\/uploads\/2019\/06\/Theater-300x225.jpg 300w, https:\/\/xn--revolutionresfrauenstreikkollektiv-k4c.ch\/wp-content\/uploads\/2019\/06\/Theater-768x576.jpg 768w, https:\/\/xn--revolutionresfrauenstreikkollektiv-k4c.ch\/wp-content\/uploads\/2019\/06\/Theater-833x625.jpg 833w, https:\/\/xn--revolutionresfrauenstreikkollektiv-k4c.ch\/wp-content\/uploads\/2019\/06\/Theater-192x144.jpg 192w, https:\/\/xn--revolutionresfrauenstreikkollektiv-k4c.ch\/wp-content\/uploads\/2019\/06\/Theater.jpg 1536w\" sizes=\"auto, (max-width: 545px) 100vw, 545px\" \/><\/figure>\n\n\n\n<p>20:34: <a href=\"https:\/\/revolution\u00e4resfrauenstreikkollektiv.ch\/?page_id=268\">Communiqu\u00e9 revolution\u00e4res Frauenstreikkollekitv<\/a><\/p>\n","protected":false},"excerpt":{"rendered":"<p>Aufruf revolution\u00e4res Frauen*streikkollektiv \/\/ Frauen* k\u00e4mpfen gemeinsam \/\/ Wir streiken weil&#8230; Videos \/\/ Communiqu\u00e9 revolution\u00e4res Frauenstreikkollekitv (Vorl\u00e4ufiges) Programm: 12:00: Polyterasse: Rundgang &amp; Zmittag14:30: BGZ: Kundgebung15:00: Kanzlei (Spielbaracke): Aktionen zu Verk\u00e4uferinnen und Rojava15:45: Kanzlei: Gemeinsam zur Demo!17:00: Central: Demo Ticker: 09:00: In der Stadt finden sich viele Zeichen f\u00fcr den heutigen Frauen*streik 09:14: Wenn Frau* will, &hellip; <a href=\"https:\/\/xn--revolutionresfrauenstreikkollektiv-k4c.ch\/\" class=\"more-link\"><span class=\"screen-reader-text\">Aktionen am Frauen*Streiktag (Ticker)<\/span> weiterlesen<\/a><\/p>\n","protected":false},"author":1,"featured_media":0,"parent":0,"menu_order":0,"comment_status":"closed","ping_status":"closed","template":"","meta":{"footnotes":""},"class_list":["post-206","page","type-page","status-publish","hentry"],"_links":{"self":[{"href":"https:\/\/xn--revolutionresfrauenstreikkollektiv-k4c.ch\/index.php?rest_route=\/wp\/v2\/pages\/206","targetHints":{"allow":["GET"]}}],"collection":[{"href":"https:\/\/xn--revolutionresfrauenstreikkollektiv-k4c.ch\/index.php?rest_route=\/wp\/v2\/pages"}],"about":[{"href":"https:\/\/xn--revolutionresfrauenstreikkollektiv-k4c.ch\/index.php?rest_route=\/wp\/v2\/types\/page"}],"author":[{"embeddable":true,"href":"https:\/\/xn--revolutionresfrauenstreikkollektiv-k4c.ch\/index.php?rest_route=\/wp\/v2\/users\/1"}],"replies":[{"embeddable":true,"href":"https:\/\/xn--revolutionresfrauenstreikkollektiv-k4c.ch\/index.php?rest_route=%2Fwp%2Fv2%2Fcomments&post=206"}],"version-history":[{"count":38,"href":"https:\/\/xn--revolutionresfrauenstreikkollektiv-k4c.ch\/index.php?rest_route=\/wp\/v2\/pages\/206\/revisions"}],"predecessor-version":[{"id":277,"href":"https:\/\/xn--revolutionresfrauenstreikkollektiv-k4c.ch\/index.php?rest_route=\/wp\/v2\/pages\/206\/revisions\/277"}],"wp:attachment":[{"href":"https:\/\/xn--revolutionresfrauenstreikkollektiv-k4c.ch\/index.php?rest_route=%2Fwp%2Fv2%2Fmedia&parent=206"}],"curies":[{"name":"wp","href":"https:\/\/api.w.org\/{rel}","templated":true}]}}