{"id":268,"date":"2019-06-14T20:33:34","date_gmt":"2019-06-14T18:33:34","guid":{"rendered":"https:\/\/xn--revolutionresfrauenstreikkollektiv-k4c.ch\/?page_id=268"},"modified":"2019-06-14T20:33:34","modified_gmt":"2019-06-14T18:33:34","slug":"communique-des-revolutionaeren-frauenstreikkollektivs-zuerich","status":"publish","type":"page","link":"https:\/\/xn--revolutionresfrauenstreikkollektiv-k4c.ch\/?page_id=268","title":{"rendered":"Communiqu\u00e9 des revolution\u00e4ren Frauenstreikkollektivs Z\u00fcrich"},"content":{"rendered":"\n<p>Wir sind heute in Z\u00fcrich mit \u00fcber hundert tausend Frauen und  verschiedensten Aktionen auf die Strasse gegangen. Der k\u00e4mpferische  Frauen*streiktag zeigt, dass wir Frauen* die herrschenden Zust\u00e4nde nicht  l\u00e4nger tragen. Wir stellen uns der patriarchalen Ordnung, dem Sexismus,  der Ausbeutung und dem Krieg entgegen. Die kapitalistische Wirtschaft  funktioniert ohne die von uns Frauen* geleistete Arbeit, die abgewertet  oder unsichtbar gemacht wird, nicht. Mit diesem Bewusstsein  organisierten sich verschiede Gruppen und Einzelfrauen* f\u00fcr einen  antikapitalistischen, internationalistischen, kollektiven und  organisierten Frauen*streiktag. <br><br>Der Morgen begann mit verschiedenen dezentralen Aktionen, so wurden  beispielsweise am Kanzleiareal und dem Helvetiaplatz Transparente  geh\u00e4ngt. Auch an einigen Spit\u00e4lern wurden Transparente angebracht. Diese  machten auf den zunehmenden Spardruck und die daraus resultierenden,  miserablen Arbeitsbedingungen und dem Pflegenotstand aufmerksam. <br>Am Mittag startete unsere erste Mobilisierung des Tages. Zusammen  mit dem Hochschulkollektiv und vielen interessierten Frauen* besammelten  wir uns auf der Polyterrasse und zogen runter ans Central. Dort nahmen  wir uns bunt und k\u00e4mpferisch den Platz, der uns zusteht. Unsere Blockade  legte die Stadt f\u00fcr mehr als eine Stunde lahm, denn es ist klar: \u201eWenn  Frau* will, steht alles still!\u201c. Es gab ein Mittagsbuffet aus  Migrosw\u00e4gelis, Streikende f\u00fchrten Theater auf, malten noch die letzten  Transparente f\u00fcr die Demo am Abend, liessen ein paar Spuren zur\u00fcck und  das alles wurde von einem Konzert mit tollen Musikerinnen* bespielt. <br><br>Danach zogen wir als k\u00e4mpferische und laute Demo mit \u00fcber 2\u2018000  Frauen* gemeinsam Richtung Kreis 4. Wir w\u00e4hlten unsere Route  selbstbestimmt und gingen auch \u00fcber die gentrifizierte, kapitalisierte  Europaallee.\u00a0 \u00dcber die Langstrasse liefen wir zum BGZ Gef\u00e4ngnis wo wir  an einer Aktion von Genossinnen* teilnahmen. Mit einer riesigen  Menschenkette und einem ebenso langen Transparent um das Gef\u00e4ngnis  ziegten wir unsere Solidarit\u00e4t mit den Frauen* in Gef\u00e4ngnissen. Diese  Aktion steht im Zeichen der erneuten Verfolgung von Nekane. Nekane ist  eine von uns! <br>Vom Helvetiaplatz aus gab es eine kleine Demo in Solidarit\u00e4t mit den  k\u00e4mpfenden Frauen* in Rojava und ganz Kurdistan. Zeitgleich \u00fcbten wir  direkte Solidarit\u00e4t mit den Arbeiter*innen im Detailhandel und  bescherten im Migros Wengihof der Belegschaft eine kleine Streikpause.  Mit Transparenten und Flugbl\u00e4ttern machten wir auf die  Arbeitsbedingungen in einem typischen Frauensektor aufmerksam. <br><br>Nach diesen Aktionen haben wir uns mit dem Z\u00fcrcher  Frauen*streikkollektiv und dem Gastro-Block zusammengeschlossen um  gemeinsam, k\u00e4mpferisch und laut an die Besammlung am Limmatquai zu  ziehen. Auf dem Weg haben wir am HB Candrian Catering eine lautstarken  Besuch abgestattet. Denn dieser Gastroriese besitzt das Monopol der  Restaurants im HB und ist bekannt f\u00fcr seine miserablen  Arbeitsbedingungen. Mit einem fliegenden Transparent und Klebern haben  wir diese Machenschaften demaskiert. <br><br>Noch immer voller Tatendrang besammelten wir uns dann zur grossen  Streikdemo. Die Stimmung war \u00fcberw\u00e4ltigend. Es gab verschiedene  Aktionen, zum Beispiel zur Situation im Gesundheitsbereich oder der  unbezahlt geleisteten Reproduktionsarbeit. Es wurden laut Parolen  gerufen. <br><br><br>Dieser Tag zeigt, wie stark wir Frauen* sind! Das reiht sich ein in  Erfahrungen, die wir auch jedes Jahr am 25. November, dem 8. M\u00e4rz und  dem 1. Mai machen, wenn wir uns kollektiv organisieren und unseren  Widerstand auf die Strasse tragen. Wir tun dies mit einer Perspektive  f\u00fcr eine Gesellschaft ohne Ausbeutung, Unterdr\u00fcckung und Krieg. F\u00fcr eine  Gesellschaft, in der Geschlechtergerechtigkeit herrscht. Nach dem  Streik ist vor dem Streik! Heute ist nicht aller Tage, wir kommen  wieder, keine Frage! Gemeinsam bauen wir Widerstand von unten! <br><br>Revolution\u00e4res Frauenstreikkollektiv Z\u00fcrich <br><\/p>\n","protected":false},"excerpt":{"rendered":"<p>Wir sind heute in Z\u00fcrich mit \u00fcber hundert tausend Frauen und verschiedensten Aktionen auf die Strasse gegangen. Der k\u00e4mpferische Frauen*streiktag zeigt, dass wir Frauen* die herrschenden Zust\u00e4nde nicht l\u00e4nger tragen. Wir stellen uns der patriarchalen Ordnung, dem Sexismus, der Ausbeutung und dem Krieg entgegen. Die kapitalistische Wirtschaft funktioniert ohne die von uns Frauen* geleistete Arbeit, &hellip; <a href=\"https:\/\/xn--revolutionresfrauenstreikkollektiv-k4c.ch\/?page_id=268\" class=\"more-link\"><span class=\"screen-reader-text\">Communiqu\u00e9 des revolution\u00e4ren Frauenstreikkollektivs Z\u00fcrich<\/span> weiterlesen<\/a><\/p>\n","protected":false},"author":1,"featured_media":0,"parent":0,"menu_order":0,"comment_status":"closed","ping_status":"closed","template":"","meta":{"footnotes":""},"class_list":["post-268","page","type-page","status-publish","hentry"],"_links":{"self":[{"href":"https:\/\/xn--revolutionresfrauenstreikkollektiv-k4c.ch\/index.php?rest_route=\/wp\/v2\/pages\/268","targetHints":{"allow":["GET"]}}],"collection":[{"href":"https:\/\/xn--revolutionresfrauenstreikkollektiv-k4c.ch\/index.php?rest_route=\/wp\/v2\/pages"}],"about":[{"href":"https:\/\/xn--revolutionresfrauenstreikkollektiv-k4c.ch\/index.php?rest_route=\/wp\/v2\/types\/page"}],"author":[{"embeddable":true,"href":"https:\/\/xn--revolutionresfrauenstreikkollektiv-k4c.ch\/index.php?rest_route=\/wp\/v2\/users\/1"}],"replies":[{"embeddable":true,"href":"https:\/\/xn--revolutionresfrauenstreikkollektiv-k4c.ch\/index.php?rest_route=%2Fwp%2Fv2%2Fcomments&post=268"}],"version-history":[{"count":1,"href":"https:\/\/xn--revolutionresfrauenstreikkollektiv-k4c.ch\/index.php?rest_route=\/wp\/v2\/pages\/268\/revisions"}],"predecessor-version":[{"id":270,"href":"https:\/\/xn--revolutionresfrauenstreikkollektiv-k4c.ch\/index.php?rest_route=\/wp\/v2\/pages\/268\/revisions\/270"}],"wp:attachment":[{"href":"https:\/\/xn--revolutionresfrauenstreikkollektiv-k4c.ch\/index.php?rest_route=%2Fwp%2Fv2%2Fmedia&parent=268"}],"curies":[{"name":"wp","href":"https:\/\/api.w.org\/{rel}","templated":true}]}}