{"id":81,"date":"2019-03-06T00:35:34","date_gmt":"2019-03-05T23:35:34","guid":{"rendered":"https:\/\/xn--revolutionresfrauenstreikkollektiv-k4c.ch\/?page_id=81"},"modified":"2019-04-25T11:44:04","modified_gmt":"2019-04-25T09:44:04","slug":"von-zueri-bis-gebze-tuerkei-frauenstreik-international-295-tag-streik-bei-flormar%e2%9c%8c%ef%b8%8fflormar-macht-uns-nicht-schoener-der-widerstand-dagegen-schon","status":"publish","type":"page","link":"https:\/\/xn--revolutionresfrauenstreikkollektiv-k4c.ch\/?page_id=81","title":{"rendered":"Von Z\u00fcri bis Gebze (T\u00fcrkei) &#8211; Frauenstreik International! 295. Tag Streik bei Flormar:\u270c\ufe0f&#8220;Flormar macht uns nicht sch\u00f6ner, der Widerstand dagegen schon.&#8220;"},"content":{"rendered":"\n<p>Die ArbeiterInnen des Unternehmens Flormar, das mit 51% dem Schweizer Kosmetikgiganten Yves Rocher geh\u00f6rt, sind heute seit 295 Tagen im Streik! <\/p>\n\n\n\n<p>Im Fr\u00fchling letzten Jahres wurden im Unternehmen 120 ArbeiterInnen mit der Begr\u00fcn- dung Mitglied einer Gewerkschaft zu sein, entlassen. So begannen 118 ArbeiterInnen am 14. Mai 2018 den Widerstand gegen die Ausbeutung und die Entlassungen. Selbst in der t\u00fcrkischen Verfassung haben die Arbeitnehmerinnen das Recht auf Gewerkschaft. Trotzdem macht Flormar weiter und erteilt erneut K\u00fcndigungen. Yves Rocher distanziert sich und will mit dieser Sache nichts zu tun haben. <\/p>\n\n\n\n<p><strong>Die Rechte die wir im Unternehmen nicht bekommen haben, fordern wir nun im\nWiderstand.<br>\n<\/strong>Die Arbeiterinnen besuchen das Streikzelt in der Gebze Industrial Zone (T\u00fcrkei) jeden\nmorgen so, als w\u00fcrden sie arbeiten gehen. Obwohl die Flormar-Streikenden an ihre\nfinanziellen Grenzen stossen, schrecken sie nicht zur\u00fcck. Ganz im Gegenteil; bei jeder\nGelegenheit bringen sie zu Wort, dass ihr Streik so lange weitergehen wird, bis ihre\nForderungen erf\u00fcllt sind. Trotz des Verbots des Widerstandsbereichs in Gebze und des\nVerbots des Streikofens, des Streikzelts und des Soundwagens, geht der Widerstand\nweiter, und zwar laut und bunt, mit Halay T\u00e4nzen und Freiheitsliedern.\n<\/p>\n\n\n\n<p><strong>Der Widerstand wird noch mehr wachsen\n<\/strong><\/p>\n\n\n\n<p>Neben den Solidarit\u00e4tsaktionen anderer Arbeiterinnen wird das Streikzelt auch von\nverschiedenen Frauenorganisationen besucht. Die zu Besuch kommenden Frauen sagen:\n,,Wir wissen, dass wir als Frauen zu Hause und am Arbeitsplatz einer doppelten\nAusbeutung ausgesetzt sind. Als ob die Hausarbeit nicht ausreichen w\u00fcrde, sehen wir\nauch wie tief die Ausbeutung am Arbeitsplatz ist.\u201c<br>\nDie Mehrheit der Flormar-ArbeiterInnen, die seit dem 14. Mai 2018 im Streik sind, sind\nFrauen. Trotz Einsch\u00fcchterungsversuchen seitens der Arbeitgeber, konnte der\nWiderstand in kurzer Zeit mit Solidarit\u00e4tsbotschaften auf die ganze T\u00fcrkei verbreitet\nwerden. Auch in Europa wurden schon viele Aktionen vor den Yves Rocher Filialen durch-\ngef\u00fchrt.\n<\/p>\n\n\n\n<p>Wir als ATIK-Yeni Kadin werden uns weiterhin mit dem Streik im Unternehmen Flormar\nsolidarisieren und versuchen ihre Stimme aus Europa zu sein. Zudem rufen wir auf, die\nProdukte von Yves Rocher zu boykottieren.\n<\/p>\n","protected":false},"excerpt":{"rendered":"<p>Die ArbeiterInnen des Unternehmens Flormar, das mit 51% dem Schweizer Kosmetikgiganten Yves Rocher geh\u00f6rt, sind heute seit 295 Tagen im Streik! Im Fr\u00fchling letzten Jahres wurden im Unternehmen 120 ArbeiterInnen mit der Begr\u00fcn- dung Mitglied einer Gewerkschaft zu sein, entlassen. So begannen 118 ArbeiterInnen am 14. Mai 2018 den Widerstand gegen die Ausbeutung und die &hellip; <a href=\"https:\/\/xn--revolutionresfrauenstreikkollektiv-k4c.ch\/?page_id=81\" class=\"more-link\"><span class=\"screen-reader-text\">Von Z\u00fcri bis Gebze (T\u00fcrkei) &#8211; Frauenstreik International! 295. Tag Streik bei Flormar:\u270c\ufe0f&#8220;Flormar macht uns nicht sch\u00f6ner, der Widerstand dagegen schon.&#8220;<\/span> weiterlesen<\/a><\/p>\n","protected":false},"author":1,"featured_media":82,"parent":0,"menu_order":0,"comment_status":"closed","ping_status":"closed","template":"","meta":{"footnotes":""},"class_list":["post-81","page","type-page","status-publish","has-post-thumbnail","hentry"],"_links":{"self":[{"href":"https:\/\/xn--revolutionresfrauenstreikkollektiv-k4c.ch\/index.php?rest_route=\/wp\/v2\/pages\/81","targetHints":{"allow":["GET"]}}],"collection":[{"href":"https:\/\/xn--revolutionresfrauenstreikkollektiv-k4c.ch\/index.php?rest_route=\/wp\/v2\/pages"}],"about":[{"href":"https:\/\/xn--revolutionresfrauenstreikkollektiv-k4c.ch\/index.php?rest_route=\/wp\/v2\/types\/page"}],"author":[{"embeddable":true,"href":"https:\/\/xn--revolutionresfrauenstreikkollektiv-k4c.ch\/index.php?rest_route=\/wp\/v2\/users\/1"}],"replies":[{"embeddable":true,"href":"https:\/\/xn--revolutionresfrauenstreikkollektiv-k4c.ch\/index.php?rest_route=%2Fwp%2Fv2%2Fcomments&post=81"}],"version-history":[{"count":3,"href":"https:\/\/xn--revolutionresfrauenstreikkollektiv-k4c.ch\/index.php?rest_route=\/wp\/v2\/pages\/81\/revisions"}],"predecessor-version":[{"id":112,"href":"https:\/\/xn--revolutionresfrauenstreikkollektiv-k4c.ch\/index.php?rest_route=\/wp\/v2\/pages\/81\/revisions\/112"}],"wp:featuredmedia":[{"embeddable":true,"href":"https:\/\/xn--revolutionresfrauenstreikkollektiv-k4c.ch\/index.php?rest_route=\/wp\/v2\/media\/82"}],"wp:attachment":[{"href":"https:\/\/xn--revolutionresfrauenstreikkollektiv-k4c.ch\/index.php?rest_route=%2Fwp%2Fv2%2Fmedia&parent=81"}],"curies":[{"name":"wp","href":"https:\/\/api.w.org\/{rel}","templated":true}]}}